{"id":1343,"date":"2025-05-25T22:33:51","date_gmt":"2025-05-25T20:33:51","guid":{"rendered":"https:\/\/parkourevent.fr\/?page_id=1343"},"modified":"2026-01-11T22:47:30","modified_gmt":"2026-01-11T21:47:30","slug":"cours-particuliers","status":"publish","type":"page","link":"https:\/\/parkourmarseille.fr\/index.php\/cours-particuliers\/","title":{"rendered":"Cours particuliers"},"content":{"rendered":"<div data-colibri-id=\"1343-c1\" class=\"style-704 style-local-1343-c1 position-relative\">\n  <!---->\n  <div data-colibri-component=\"section\" data-colibri-id=\"1343-c2\" id=\"reusable-sections\" class=\"h-section h-section-global-spacing d-flex align-items-lg-center align-items-md-center align-items-center style-705 style-local-1343-c2 position-relative\">\n    <!---->\n    <!---->\n    <div class=\"h-section-grid-container h-section-boxed-container\">\n      <!---->\n      <div data-colibri-id=\"1343-c3\" class=\"h-row-container gutters-row-lg-2 gutters-row-md-2 gutters-row-0 gutters-row-v-lg-2 gutters-row-v-md-2 gutters-row-v-2 style-740 style-local-1343-c3 position-relative\">\n        <!---->\n        <div class=\"h-row justify-content-lg-center justify-content-md-center justify-content-center align-items-lg-stretch align-items-md-stretch align-items-stretch gutters-col-lg-2 gutters-col-md-2 gutters-col-0 gutters-col-v-lg-2 gutters-col-v-md-2 gutters-col-v-2\">\n          <!---->\n          <div class=\"h-column h-column-container d-flex h-col-lg-auto h-col-md-auto h-col-auto style-741-outer style-local-1343-c4-outer\">\n            <div data-colibri-id=\"1343-c4\" class=\"d-flex h-flex-basis h-column__inner h-px-lg-2 h-px-md-2 h-px-2 v-inner-lg-2 v-inner-md-2 v-inner-2 style-741 style-local-1343-c4 position-relative\">\n              <!---->\n              <!---->\n              <div class=\"w-100 h-y-container h-column__content h-column__v-align flex-basis-100 align-self-lg-start align-self-md-start align-self-start\">\n                <!---->\n                <div data-colibri-id=\"1343-c5\" class=\"d-block style-743 style-local-1343-c5 position-relative h-element\">\n                  <!---->\n                  <div class=\"h-image__frame-container-outer\">\n                    <div class=\"h-image__frame-container\">\n                      <!---->\n                      <!---->\n                      <img loading=\"lazy\" decoding=\"async\" width=\"1536\" height=\"1024\" src=\"http:\/\/parkourmarseille.fr\/wp-content\/uploads\/2025\/06\/Cours-Particuliers-Parkour-Marseille.jpg\" class=\"wp-image-1585 style-743-image style-local-1343-c5-image\" alt=\"\" srcset=\"https:\/\/parkourmarseille.fr\/wp-content\/uploads\/2025\/06\/Cours-Particuliers-Parkour-Marseille.jpg 1536w, https:\/\/parkourmarseille.fr\/wp-content\/uploads\/2025\/06\/Cours-Particuliers-Parkour-Marseille-300x200.jpg 300w, https:\/\/parkourmarseille.fr\/wp-content\/uploads\/2025\/06\/Cours-Particuliers-Parkour-Marseille-1024x683.jpg 1024w, https:\/\/parkourmarseille.fr\/wp-content\/uploads\/2025\/06\/Cours-Particuliers-Parkour-Marseille-768x512.jpg 768w\" sizes=\"auto, (max-width: 1536px) 100vw, 1536px\" \/>\n                      <div class=\"h-image__frame h-hide-lg h-hide-md h-hide-sm style-743-frameImage style-local-1343-c5-frameImage\"><\/div>\n                    <\/div>\n                  <\/div>\n                <\/div>\n              <\/div>\n            <\/div>\n          <\/div>\n        <\/div>\n      <\/div>\n      <div data-colibri-id=\"1343-c6\" class=\"h-row-container gutters-row-lg-1 gutters-row-md-1 gutters-row-0 gutters-row-v-lg-1 gutters-row-v-md-1 gutters-row-v-1 style-706 style-local-1343-c6 position-relative\">\n        <!---->\n        <div class=\"h-row justify-content-lg-center justify-content-md-center justify-content-center align-items-lg-stretch align-items-md-stretch align-items-stretch gutters-col-lg-1 gutters-col-md-1 gutters-col-0 gutters-col-v-lg-1 gutters-col-v-md-1 gutters-col-v-1\">\n          <!---->\n          <div class=\"h-column h-column-container d-flex h-col-lg-auto h-col-md-auto h-col-auto style-707-outer style-local-1343-c7-outer\">\n            <div data-colibri-id=\"1343-c7\" class=\"d-flex h-flex-basis h-column__inner h-px-lg-1 h-px-md-1 h-px-1 v-inner-lg-1 v-inner-md-1 v-inner-1 style-707 style-local-1343-c7 position-relative\">\n              <!---->\n              <!---->\n              <div class=\"w-100 h-y-container h-column__content h-column__v-align flex-basis-100 align-self-lg-start align-self-md-start align-self-start\">\n                <!---->\n                <div data-colibri-id=\"1343-c8\" class=\"h-text h-text-component style-708 style-local-1343-c8 position-relative h-element\">\n                  <!---->\n                  <!---->\n                  <div class=\"\">\n                    <p>OFFREZ un cours particulier de Parkour !<\/p>\n                  <\/div>\n                <\/div>\n                <div data-colibri-id=\"1343-c9\" class=\"h-text h-text-component style-709 style-local-1343-c9 position-relative h-element\">\n                  <!---->\n                  <!---->\n                  <div class=\"\">\n                    <p>Des s\u00e9ances de Parkour 100% sur mesure, adapt\u00e9es aux envies de vos enfants !<\/p>\n                    <p>Qu&rsquo;ils d\u00e9sirent d\u00e9couvrir ou progresser, n&rsquo;h\u00e9sitez pas \u00e0 nous contacter pour en discuter\u2026<\/p>\n                    <p>Que votre enfant souhaite :<\/p>\n                    <ul>\n                      <li>D\u00e9couvrir les bases du Parkour en toute s\u00e9curit\u00e9,<\/li>\n                      <li>D\u00e9velopper sa confiance en lui \u00e0 travers le mouvement,<\/li>\n                      <li>Ou approfondir sa technique avec un accompagnement personnalis\u00e9,<\/li>\n                    <\/ul>\n                    <p>Nos coachs adaptent chaque s\u00e9ance pour offrir une exp\u00e9rience ludique, technique et s\u00e9curis\u00e9e.<\/p>\n                  <\/div>\n                <\/div>\n              <\/div>\n            <\/div>\n          <\/div>\n          <div class=\"h-column h-column-container d-flex h-col-lg-auto h-col-md-auto h-col-auto style-710-outer style-local-1343-c10-outer\">\n            <div data-colibri-id=\"1343-c10\" class=\"d-flex h-flex-basis h-column__inner h-px-lg-1 h-px-md-1 h-px-1 v-inner-lg-1 v-inner-md-1 v-inner-1 style-710 style-local-1343-c10 position-relative\">\n              <!---->\n              <!---->\n              <div class=\"w-100 h-y-container h-column__content h-column__v-align flex-basis-100 align-self-lg-center align-self-md-center align-self-center\">\n                <!---->\n                <div data-colibri-id=\"1343-c11\" class=\"h-text h-text-component style-711 style-local-1343-c11 position-relative h-element\">\n                  <!---->\n                  <!---->\n                  <div class=\"\">\n                    <p>Tarifs Cours Parkour<\/p>\n                  <\/div>\n                <\/div>\n                <div data-colibri-id=\"1343-c12\" class=\"h-row-container gutters-row-lg-2 gutters-row-md-2 gutters-row-0 gutters-row-v-lg-2 gutters-row-v-md-2 gutters-row-v-2 style-712 style-local-1343-c12 position-relative\">\n                  <!---->\n                  <div class=\"h-row justify-content-lg-center justify-content-md-center justify-content-center align-items-lg-stretch align-items-md-stretch align-items-stretch gutters-col-lg-2 gutters-col-md-2 gutters-col-0 gutters-col-v-lg-2 gutters-col-v-md-2 gutters-col-v-2\">\n                    <!---->\n                    <div class=\"h-column h-column-container d-flex h-col-lg-auto h-col-md-auto h-col-auto style-713-outer style-local-1343-c13-outer\">\n                      <div data-colibri-id=\"1343-c13\" class=\"d-flex h-flex-basis h-column__inner h-px-lg-2 h-px-md-2 h-px-2 v-inner-lg-2 v-inner-md-2 v-inner-2 style-713 style-local-1343-c13 position-relative\">\n                        <!---->\n                        <!---->\n                        <div class=\"w-100 h-y-container h-column__content h-column__v-align flex-basis-100 align-self-lg-start align-self-md-start align-self-start\">\n                          <!---->\n                          <div data-colibri-id=\"1343-c14\" class=\"h-text h-text-component style-714 style-local-1343-c14 position-relative h-element\">\n                            <!---->\n                            <!---->\n                            <div class=\"\">\n                              <p>2h de Parkour<\/p>\n                              <p>70\u20ac pour 1 \u00e0 2 pers<\/p>\n                              <p>30\u20ac\/pers \u00e0 partir de 3 pers<\/p>\n                              <p><span style=\"font-weight: 300;\">5 s\u00e9ances = la 6\u00e8me OFFERTE<\/span><\/p>\n                              <p><span style=\"font-weight: 300;\">Lieu: Marseille<\/span><\/p>\n                              <p>\n                                <br>\n                              <\/p>\n                            <\/div>\n                          <\/div>\n                        <\/div>\n                      <\/div>\n                    <\/div>\n                  <\/div>\n                <\/div>\n                <div data-colibri-id=\"1343-c15\" class=\"h-x-container style-716 style-local-1343-c15 position-relative h-element\">\n                  <!---->\n                  <div class=\"h-x-container-inner style-dynamic-1343-c15-group style-716-spacing style-local-1343-c15-spacing\"><span class=\"h-button__outer style-717-outer style-local-1343-c16-outer d-inline-flex h-element\"><a h-use-smooth-scroll=\"true\" href=\"https:\/\/parkourevent.fr\/index.php\/contact\/\"  data-colibri-id=\"1343-c16\" class=\"d-flex w-100 align-items-center h-button justify-content-lg-center justify-content-md-center justify-content-center style-717 style-local-1343-c16 position-relative\"><!----><!----> <span>Nous contacter<\/span><\/a>\n                    <\/span>\n                  <\/div>\n                <\/div>\n              <\/div>\n            <\/div>\n          <\/div>\n        <\/div>\n      <\/div>\n      <div data-colibri-id=\"1343-c17\" class=\"h-row-container gutters-row-lg-2 gutters-row-md-2 gutters-row-0 gutters-row-v-lg-2 gutters-row-v-md-2 gutters-row-v-2 style-718 style-local-1343-c17 position-relative\">\n        <!---->\n        <div class=\"h-row justify-content-lg-center justify-content-md-center justify-content-center align-items-lg-stretch align-items-md-stretch align-items-stretch gutters-col-lg-2 gutters-col-md-2 gutters-col-0 gutters-col-v-lg-2 gutters-col-v-md-2 gutters-col-v-2\">\n          <!---->\n          <div class=\"h-column h-column-container d-flex h-col-lg-auto h-col-md-auto h-col-auto style-719-outer style-local-1343-c18-outer\">\n            <div data-colibri-id=\"1343-c18\" class=\"d-flex h-flex-basis h-column__inner h-px-lg-2 h-px-md-2 h-px-2 v-inner-lg-2 v-inner-md-2 v-inner-2 style-719 style-local-1343-c18 position-relative\">\n              <!---->\n              <!---->\n              <div class=\"w-100 h-y-container h-column__content h-column__v-align flex-basis-100 align-self-lg-start align-self-md-start align-self-start\">\n                <!---->\n                <div data-colibri-id=\"1343-c19\" class=\"h-text h-text-component style-720 style-local-1343-c19 position-relative h-element\">\n                  <!---->\n                  <!---->\n                  <div class=\"\">\n                    <p>Renseignements et r\u00e9servations aupr\u00e8s de Marine : <span style=\"color: rgb(193, 10, 40); font-weight: 600;\">0601309807 <\/span>\/ bureau.ninjaparc@gmail.com<\/p>\n                  <\/div>\n                <\/div>\n              <\/div>\n            <\/div>\n          <\/div>\n        <\/div>\n      <\/div>\n    <\/div>\n  <\/div>\n<\/div>","protected":false},"excerpt":{"rendered":"<p>OFFREZ un cours particulier de Parkour ! Des s\u00e9ances de Parkour 100% sur mesure, adapt\u00e9es aux envies de vos enfants ! Qu&rsquo;ils d\u00e9sirent d\u00e9couvrir ou progresser, n&rsquo;h\u00e9sitez pas \u00e0 nous contacter pour en discuter\u2026 Que votre enfant souhaite : D\u00e9couvrir les bases du Parkour en toute s\u00e9curit\u00e9, D\u00e9velopper sa confiance en lui \u00e0 travers le [&hellip;]<\/p>\n","protected":false},"author":1,"featured_media":0,"parent":0,"menu_order":0,"comment_status":"closed","ping_status":"closed","template":"page-templates\/full-width-page.php","meta":{"footnotes":""},"class_list":["post-1343","page","type-page","status-publish","hentry"],"_links":{"self":[{"href":"https:\/\/parkourmarseille.fr\/index.php\/wp-json\/wp\/v2\/pages\/1343","targetHints":{"allow":["GET"]}}],"collection":[{"href":"https:\/\/parkourmarseille.fr\/index.php\/wp-json\/wp\/v2\/pages"}],"about":[{"href":"https:\/\/parkourmarseille.fr\/index.php\/wp-json\/wp\/v2\/types\/page"}],"author":[{"embeddable":true,"href":"https:\/\/parkourmarseille.fr\/index.php\/wp-json\/wp\/v2\/users\/1"}],"replies":[{"embeddable":true,"href":"https:\/\/parkourmarseille.fr\/index.php\/wp-json\/wp\/v2\/comments?post=1343"}],"version-history":[{"count":20,"href":"https:\/\/parkourmarseille.fr\/index.php\/wp-json\/wp\/v2\/pages\/1343\/revisions"}],"predecessor-version":[{"id":2202,"href":"https:\/\/parkourmarseille.fr\/index.php\/wp-json\/wp\/v2\/pages\/1343\/revisions\/2202"}],"wp:attachment":[{"href":"https:\/\/parkourmarseille.fr\/index.php\/wp-json\/wp\/v2\/media?parent=1343"}],"curies":[{"name":"wp","href":"https:\/\/api.w.org\/{rel}","templated":true}]}}