{"id":1331,"date":"2025-05-25T21:54:38","date_gmt":"2025-05-25T19:54:38","guid":{"rendered":"https:\/\/parkourevent.fr\/?page_id=1331"},"modified":"2026-01-11T22:45:23","modified_gmt":"2026-01-11T21:45:23","slug":"anniversaire","status":"publish","type":"page","link":"https:\/\/parkourmarseille.fr\/index.php\/anniversaire\/","title":{"rendered":"Anniversaires"},"content":{"rendered":"<div data-colibri-id=\"1331-c1\" class=\"style-649 style-local-1331-c1 position-relative\">\n  <!---->\n  <div data-colibri-component=\"section\" data-colibri-id=\"1331-c2\" id=\"custom\" class=\"h-section h-section-global-spacing d-flex align-items-lg-center align-items-md-center align-items-center style-650 style-local-1331-c2 position-relative\">\n    <!---->\n    <!---->\n    <div class=\"h-section-grid-container h-section-boxed-container\">\n      <!---->\n      <div data-colibri-id=\"1331-c3\" class=\"h-row-container gutters-row-lg-2 gutters-row-md-2 gutters-row-0 gutters-row-v-lg-2 gutters-row-v-md-2 gutters-row-v-2 style-729 style-local-1331-c3 position-relative\">\n        <!---->\n        <div class=\"h-row justify-content-lg-center justify-content-md-center justify-content-center align-items-lg-stretch align-items-md-stretch align-items-stretch gutters-col-lg-2 gutters-col-md-2 gutters-col-0 gutters-col-v-lg-2 gutters-col-v-md-2 gutters-col-v-2\">\n          <!---->\n          <div class=\"h-column h-column-container d-flex h-col-lg-auto h-col-md-auto h-col-auto style-730-outer style-local-1331-c4-outer\">\n            <div data-colibri-id=\"1331-c4\" class=\"d-flex h-flex-basis h-column__inner h-px-lg-2 h-px-md-2 h-px-2 v-inner-lg-2 v-inner-md-2 v-inner-2 style-730 style-local-1331-c4 position-relative\">\n              <!---->\n              <!---->\n              <div class=\"w-100 h-y-container h-column__content h-column__v-align flex-basis-100 align-self-lg-start align-self-md-start align-self-start\">\n                <!---->\n                <div data-colibri-id=\"1331-c5\" class=\"d-block style-726 style-local-1331-c5 position-relative h-element\">\n                  <!---->\n                  <div class=\"h-image__frame-container-outer\">\n                    <div class=\"h-image__frame-container\">\n                      <!---->\n                      <!---->\n                      <img loading=\"lazy\" decoding=\"async\" width=\"1535\" height=\"1022\" src=\"http:\/\/parkourmarseille.fr\/wp-content\/uploads\/2025\/06\/cropped-Anniversaire-Parkour-Marseille-Ninja-Parc-1.png\" class=\"wp-image-1544 style-726-image style-local-1331-c5-image\" alt=\"\" srcset=\"https:\/\/parkourmarseille.fr\/wp-content\/uploads\/2025\/06\/cropped-Anniversaire-Parkour-Marseille-Ninja-Parc-1.png 1535w, https:\/\/parkourmarseille.fr\/wp-content\/uploads\/2025\/06\/cropped-Anniversaire-Parkour-Marseille-Ninja-Parc-1-300x200.png 300w, https:\/\/parkourmarseille.fr\/wp-content\/uploads\/2025\/06\/cropped-Anniversaire-Parkour-Marseille-Ninja-Parc-1-1024x682.png 1024w, https:\/\/parkourmarseille.fr\/wp-content\/uploads\/2025\/06\/cropped-Anniversaire-Parkour-Marseille-Ninja-Parc-1-768x511.png 768w\" sizes=\"auto, (max-width: 1535px) 100vw, 1535px\" \/>\n                      <div class=\"h-image__frame h-hide-lg h-hide-md h-hide-sm style-726-frameImage style-local-1331-c5-frameImage\"><\/div>\n                    <\/div>\n                  <\/div>\n                <\/div>\n              <\/div>\n            <\/div>\n          <\/div>\n        <\/div>\n      <\/div>\n      <div data-colibri-id=\"1331-c6\" class=\"h-row-container gutters-row-lg-2 gutters-row-md-2 gutters-row-0 gutters-row-v-lg-2 gutters-row-v-md-2 gutters-row-v-2 style-651 style-local-1331-c6 position-relative\">\n        <!---->\n        <div class=\"h-row justify-content-lg-center justify-content-md-center justify-content-center align-items-lg-stretch align-items-md-stretch align-items-stretch gutters-col-lg-2 gutters-col-md-2 gutters-col-0 gutters-col-v-lg-2 gutters-col-v-md-2 gutters-col-v-2\">\n          <!---->\n          <div class=\"h-column h-column-container d-flex h-col-lg-auto h-col-md-auto h-col-auto style-652-outer style-local-1331-c7-outer\">\n            <div data-colibri-id=\"1331-c7\" class=\"d-flex h-flex-basis h-column__inner h-px-lg-2 h-px-md-2 h-px-2 v-inner-lg-2 v-inner-md-2 v-inner-2 style-652 style-local-1331-c7 position-relative\">\n              <!---->\n              <!---->\n              <div class=\"w-100 h-y-container h-column__content h-column__v-align flex-basis-100 align-self-lg-start align-self-md-start align-self-start\">\n                <!---->\n                <div data-colibri-id=\"1331-c8\" class=\"h-text h-text-component style-658 style-local-1331-c8 position-relative h-element\">\n                  <!---->\n                  <!---->\n                  <div class=\"\">\n                    <p>L&rsquo;anniversaire de votre enfant approche ?<\/p>\n                  <\/div>\n                <\/div>\n                <div data-colibri-id=\"1331-c9\" class=\"h-text h-text-component style-656 style-local-1331-c9 position-relative h-element\">\n                  <!---->\n                  <!---->\n                  <div class=\"\">\n                    <p>Pr\u00e9voyez un Anniversaire inoubliable \u00e0 votre enfant et ses ami(e)s.<\/p>\n                    <p> De 6 \u00e0 17 ans, l\u2019Anniversaire Parkour restera \u00e0 jamais grav\u00e9 dans leurs m\u00e9moires.<\/p>\n                    <p>Encadr\u00e9s par des Animateurs professionnels, les enfants d\u00e9couvrent l\u2019univers du parkour \u00e0 travers :<\/p>\n                    <ul>\n                      <li>Des \u00e9chauffements amusants<\/li>\n                      <li>Des parcours \u00e9volutifs en fonction de leurs \u00e2ges et niveaux<\/li>\n                      <li>Des jeux collectifs pour renforcer leurs liens<\/li>\n                      <li>Des d\u00e9fis fun pour se d\u00e9passer dans la bonne humeur.<\/li>\n                    <\/ul>\n                    <p>\n                      <br>\n                    <\/p>\n                  <\/div>\n                <\/div>\n              <\/div>\n            <\/div>\n          <\/div>\n          <div class=\"h-column h-column-container d-flex h-col-lg-auto h-col-md-auto h-col-auto style-681-outer style-local-1331-c10-outer\">\n            <div data-colibri-id=\"1331-c10\" class=\"d-flex h-flex-basis h-column__inner h-px-lg-1 h-px-md-1 h-px-1 v-inner-lg-1 v-inner-md-1 v-inner-1 style-681 style-local-1331-c10 position-relative\">\n              <!---->\n              <!---->\n              <div class=\"w-100 h-y-container h-column__content h-column__v-align flex-basis-100 align-self-lg-center align-self-md-center align-self-center\">\n                <!---->\n                <div data-colibri-id=\"1331-c11\" class=\"h-text h-text-component style-695 style-local-1331-c11 position-relative h-element\">\n                  <!---->\n                  <!---->\n                  <div class=\"\">\n                    <p>ANNIVERSAIRE PARKOUR MARSEILLE<\/p>\n                  <\/div>\n                <\/div>\n                <div data-colibri-id=\"1331-c12\" class=\"h-row-container gutters-row-lg-2 gutters-row-md-2 gutters-row-0 gutters-row-v-lg-2 gutters-row-v-md-2 gutters-row-v-2 style-696 style-local-1331-c12 position-relative\">\n                  <!---->\n                  <div class=\"h-row justify-content-lg-center justify-content-md-center justify-content-center align-items-lg-stretch align-items-md-stretch align-items-stretch gutters-col-lg-2 gutters-col-md-2 gutters-col-0 gutters-col-v-lg-2 gutters-col-v-md-2 gutters-col-v-2\">\n                    <!---->\n                    <div class=\"h-column h-column-container d-flex h-col-lg-auto h-col-md-auto h-col-auto style-697-outer style-local-1331-c13-outer\">\n                      <div data-colibri-id=\"1331-c13\" class=\"d-flex h-flex-basis h-column__inner h-px-lg-2 h-px-md-2 h-px-2 v-inner-lg-2 v-inner-md-2 v-inner-2 style-697 style-local-1331-c13 position-relative\">\n                        <!---->\n                        <!---->\n                        <div class=\"w-100 h-y-container h-column__content h-column__v-align flex-basis-100 align-self-lg-start align-self-md-start align-self-start\">\n                          <!---->\n                          <div data-colibri-id=\"1331-c14\" class=\"h-text h-text-component style-703 style-local-1331-c14 position-relative h-element\">\n                            <!---->\n                            <!---->\n                            <div class=\"\">\n                              <p>200\u20ac \/ 10 enfants<\/p>\n                            <\/div>\n                          <\/div>\n                          <div data-colibri-id=\"1331-c15\" class=\"h-text h-text-component style-699 style-local-1331-c15 position-relative h-element\">\n                            <!---->\n                            <!---->\n                            <div class=\"\">\n                              <ul>\n                                <li>Vos carton d&rsquo;invitation<\/li>\n                                <li>1 Animateur<\/li>\n                                <li>3h de jeux, de partage et de plaisir<\/li>\n                                <li>Des souvenirs inoubliables<\/li>\n                              <\/ul>\n                              <p>\n                                <br>\n                              <\/p>\n                            <\/div>\n                          <\/div>\n                        <\/div>\n                      <\/div>\n                    <\/div>\n                  <\/div>\n                <\/div>\n                <div data-colibri-id=\"1331-c16\" class=\"h-x-container style-687 style-local-1331-c16 position-relative h-element\">\n                  <!---->\n                  <div class=\"h-x-container-inner style-dynamic-1331-c16-group style-687-spacing style-local-1331-c16-spacing\"><span class=\"h-button__outer style-688-outer style-local-1331-c17-outer d-inline-flex h-element\"><a h-use-smooth-scroll=\"true\" href=\"https:\/\/parkourevent.fr\/index.php\/contact\/\"  data-colibri-id=\"1331-c17\" class=\"d-flex w-100 align-items-center h-button justify-content-lg-center justify-content-md-center justify-content-center style-688 style-local-1331-c17 position-relative\"><!----><!----> <span>Nous contacter<\/span><\/a>\n                    <\/span>\n                  <\/div>\n                <\/div>\n              <\/div>\n            <\/div>\n          <\/div>\n        <\/div>\n      <\/div>\n      <div data-colibri-id=\"1331-c18\" class=\"h-row-container gutters-row-lg-2 gutters-row-md-2 gutters-row-0 gutters-row-v-lg-2 gutters-row-v-md-2 gutters-row-v-2 style-700 style-local-1331-c18 position-relative\">\n        <!---->\n        <div class=\"h-row justify-content-lg-center justify-content-md-center justify-content-center align-items-lg-stretch align-items-md-stretch align-items-stretch gutters-col-lg-2 gutters-col-md-2 gutters-col-0 gutters-col-v-lg-2 gutters-col-v-md-2 gutters-col-v-2\">\n          <!---->\n          <div class=\"h-column h-column-container d-flex h-col-lg-auto h-col-md-auto h-col-auto style-701-outer style-local-1331-c19-outer\">\n            <div data-colibri-id=\"1331-c19\" class=\"d-flex h-flex-basis h-column__inner h-px-lg-2 h-px-md-2 h-px-2 v-inner-lg-2 v-inner-md-2 v-inner-2 style-701 style-local-1331-c19 position-relative\">\n              <!---->\n              <!---->\n              <div class=\"w-100 h-y-container h-column__content h-column__v-align flex-basis-100 align-self-lg-start align-self-md-start align-self-start\">\n                <!---->\n                <div data-colibri-id=\"1331-c20\" class=\"h-text h-text-component style-702 style-local-1331-c20 position-relative h-element\">\n                  <!---->\n                  <!---->\n                  <div class=\"\">\n                    <p>Renseignements et r\u00e9servations aupr\u00e8s de Marine : <span style=\"color: rgb(193, 10, 40); font-weight: 700;\">0601309807 <\/span>\/ bureau.ninjaparc@gmail.com<\/p>\n                  <\/div>\n                <\/div>\n              <\/div>\n            <\/div>\n          <\/div>\n        <\/div>\n      <\/div>\n    <\/div>\n  <\/div>\n  <div data-colibri-component=\"section\" data-colibri-id=\"1331-c21\" id=\"cta\" class=\"h-section h-section-global-spacing d-flex align-items-lg-center align-items-md-center align-items-center style-659 style-local-1331-c21 position-relative\">\n    <!---->\n    <!---->\n    <div class=\"h-section-grid-container h-section-boxed-container\">\n      <!---->\n      <div data-colibri-id=\"1331-c22\" class=\"h-row-container gutters-row-lg-0 gutters-row-md-0 gutters-row-0 gutters-row-v-lg-0 gutters-row-v-md-0 gutters-row-v-0 style-721 style-local-1331-c22 position-relative\">\n        <!---->\n        <div class=\"h-row justify-content-lg-center justify-content-md-center justify-content-center align-items-lg-stretch align-items-md-stretch align-items-stretch gutters-col-lg-0 gutters-col-md-0 gutters-col-0 gutters-col-v-lg-0 gutters-col-v-md-0 gutters-col-v-0\">\n          <!---->\n          <div class=\"h-column h-column-container d-flex h-col-lg-auto h-col-md-auto h-col-auto style-722-outer style-local-1331-c23-outer\">\n            <div data-colibri-id=\"1331-c23\" class=\"d-flex h-flex-basis h-column__inner h-px-lg-0 h-px-md-0 h-px-0 v-inner-lg-0 v-inner-md-0 v-inner-0 style-722 style-local-1331-c23 position-relative\">\n              <!---->\n              <!---->\n              <div class=\"w-100 h-y-container h-column__content h-column__v-align flex-basis-100 align-self-lg-start align-self-md-start align-self-start\">\n                <!---->\n                <div data-colibri-id=\"1331-c24\" class=\"h-global-transition-all h-heading style-671 style-local-1331-c24 position-relative h-element\">\n                  <!---->\n                  <div class=\"h-heading__outer style-671 style-local-1331-c24\">\n                    <!---->\n                    <!---->\n                    <h2 class=\"\">FAQ<\/h2>\n                  <\/div>\n                <\/div>\n              <\/div>\n            <\/div>\n          <\/div>\n        <\/div>\n      <\/div>\n    <\/div>\n  <\/div>\n  <div data-colibri-component=\"section\" data-colibri-id=\"1331-c25\" id=\"custom-2\" class=\"h-section h-section-global-spacing d-flex align-items-lg-center align-items-md-center align-items-center style-666 style-local-1331-c25 position-relative\">\n    <!---->\n    <!---->\n    <div class=\"h-section-grid-container h-section-boxed-container\">\n      <!---->\n      <div data-colibri-id=\"1331-c26\" class=\"h-row-container gutters-row-lg-2 gutters-row-md-2 gutters-row-0 gutters-row-v-lg-2 gutters-row-v-md-2 gutters-row-v-2 style-669 style-local-1331-c26 position-relative\">\n        <!---->\n        <div class=\"h-row justify-content-lg-center justify-content-md-center justify-content-center align-items-lg-stretch align-items-md-stretch align-items-stretch gutters-col-lg-2 gutters-col-md-2 gutters-col-0 gutters-col-v-lg-2 gutters-col-v-md-2 gutters-col-v-2\">\n          <!---->\n          <div class=\"h-column h-column-container d-flex h-col-lg-auto h-col-md-auto h-col-auto style-670-outer style-local-1331-c27-outer\">\n            <div data-colibri-id=\"1331-c27\" class=\"d-flex h-flex-basis h-column__inner h-px-lg-2 h-px-md-2 h-px-2 v-inner-lg-2 v-inner-md-2 v-inner-2 style-670 style-local-1331-c27 position-relative\">\n              <!---->\n              <!---->\n              <div class=\"w-100 h-y-container h-column__content h-column__v-align flex-basis-100 align-self-lg-start align-self-md-start align-self-start\">\n                <!---->\n                <div data-colibri-component=\"tabs\" data-colibri-id=\"1331-c28\" class=\"h-tabs h-tabs-vertical h-tabs--vertical--auto-lg h-tabs--vertical--auto-md h-tabs--vertical--full h-tabs h-tabs-vertical h-tabs--vertical--auto-lg h-tabs--vertical--auto-md h-tabs--vertical--full style-672 style-local-1331-c28 position-relative h-element\">\n                  <!---->\n                  <div class=\"h-tabs-navigation d-flex h-tabs-navigation-vertical\">\n                    <a href=\"#ou-puis-je-feter-l-anniversaire-de-mon-enfant\" class=\"h-tabs-navigation-item d-flex align-items-center h-global-transition h-tabs-navigation-active-item h-custom-active-state\" rel=\"#ou-puis-je-feter-l-anniversaire-de-mon-enfant\">\n                      <!----><span class=\"h-tabs-navigation-item__text\">O\u00f9 puis-je f\u00eater l\u2019anniversaire de mon enfant ?<\/span><\/a>\n                    <a href=\"#a-partir-de-quel-age\" class=\"h-tabs-navigation-item d-flex align-items-center h-global-transition\" rel=\"#a-partir-de-quel-age\">\n                      <!----><span class=\"h-tabs-navigation-item__text\">A partir de quel \u00e2ge ?<\/span><\/a>\n                    <a href=\"#comment-se-deroule-un-anniversaire\" class=\"h-tabs-navigation-item d-flex align-items-center h-global-transition\" rel=\"#comment-se-deroule-un-anniversaire\">\n                      <!----><span class=\"h-tabs-navigation-item__text\">Comment se d\u00e9roule un anniversaire ?<\/span><\/a>\n                    <a href=\"#le-gouter-d-anniversaire-est-il-inclus-dans-la-formule\" class=\"h-tabs-navigation-item d-flex align-items-center h-global-transition\"\n                      rel=\"#le-gouter-d-anniversaire-est-il-inclus-dans-la-formule\">\n                      <!----><span class=\"h-tabs-navigation-item__text\">Le go\u00fbter d\u2019anniversaire est-il inclus dans la formule ?<\/span><\/a>\n                  <\/div>\n                  <div id=\"ou-puis-je-feter-l-anniversaire-de-mon-enfant\" skip-smooth-scroll=\"true\" skip-scroll-spy=\"true\" data-colibri-id=\"1331-c29\" class=\"h-tabs-item-content h-tabs-item h-tabs-content-vertical h-tabs-content-1331-c29 style-673 style-local-1331-c29 position-relative h-element h-tabs-content-active\">\n                    <!---->\n                    <div class=\"w-100 h-y-container\">\n                      <!---->\n                      <div data-colibri-id=\"1331-c30\" class=\"h-text h-text-component style-674 style-local-1331-c30 position-relative h-element\">\n                        <!---->\n                        <!---->\n                        <div class=\"\">\n                          <p>Au Parc Borely, sur les plages du Prado ou \u00e0 l&rsquo;endroit le plus adapt\u00e9 en fonction de votre lieu de r\u00e9sidence.<\/p>\n                          <p>\n                            <br>\n                          <\/p>\n                        <\/div>\n                      <\/div>\n                    <\/div>\n                  <\/div>\n                  <div id=\"a-partir-de-quel-age\" skip-smooth-scroll=\"true\" skip-scroll-spy=\"true\" data-colibri-id=\"1331-c31\" class=\"h-tabs-item-content h-tabs-item h-tabs-content-vertical h-tabs-content-1331-c31 style-675 style-local-1331-c31 position-relative h-element hide\">\n                    <!---->\n                    <div class=\"w-100 h-y-container\">\n                      <!---->\n                      <div data-colibri-id=\"1331-c32\" class=\"h-text h-text-component style-676 style-local-1331-c32 position-relative h-element\">\n                        <!---->\n                        <!---->\n                        <div class=\"\">\n                          <p>Enfants ou Ados, peu importe\u2026 Nous adaptons nos formules de jeux en fonction.<\/p>\n                          <p>\n                            <br>\n                          <\/p>\n                        <\/div>\n                      <\/div>\n                    <\/div>\n                  <\/div>\n                  <div id=\"comment-se-deroule-un-anniversaire\" skip-smooth-scroll=\"true\" skip-scroll-spy=\"true\" data-colibri-id=\"1331-c33\" class=\"h-tabs-item-content h-tabs-item h-tabs-content-vertical h-tabs-content-1331-c33 style-677 style-local-1331-c33 position-relative h-element hide\">\n                    <!---->\n                    <div class=\"w-100 h-y-container\">\n                      <!---->\n                      <div data-colibri-id=\"1331-c34\" class=\"h-text h-text-component style-678 style-local-1331-c34 position-relative h-element\">\n                        <!---->\n                        <!---->\n                        <div class=\"\">\n                          <p>RDV \u00e0 13h45 sur le lieu que nous aurons d\u00e9fini ensemble<\/p>\n                          <p>De 14h \u00e0 16h nous irons nous amuser avec les enfants<\/p>\n                          <p>\u00c0 16h nous nous retrouverons sur le site que nous aurons pr\u00e9alablement choisi pour le G\u00e2teau et les Cadeaux<\/p>\n                          <p>L&rsquo;animateur reste avec les enfants jusqu&rsquo;\u00e0 17h pour continuer \u00e0 s&rsquo;amuser jusqu&rsquo;au bout<\/p>\n                        <\/div>\n                      <\/div>\n                    <\/div>\n                  <\/div>\n                  <div id=\"le-gouter-d-anniversaire-est-il-inclus-dans-la-formule\" skip-smooth-scroll=\"true\" skip-scroll-spy=\"true\" data-colibri-id=\"1331-c35\" class=\"h-tabs-item-content h-tabs-item h-tabs-content-vertical h-tabs-content-1331-c35 style-679 style-local-1331-c35 position-relative h-element hide\">\n                    <!---->\n                    <div class=\"w-100 h-y-container\">\n                      <!---->\n                      <div data-colibri-id=\"1331-c36\" class=\"h-text h-text-component style-680 style-local-1331-c36 position-relative h-element\">\n                        <!---->\n                        <!---->\n                        <div class=\"\">\n                          <p>Non, car c&rsquo;est vous qui connaissez le mieux votre enfant.<\/p>\n                          <p>Nous vous laissons le soin de personnaliser et de pr\u00e9parer le moment du go\u00fbter et des cadeaux, pendant que nous serons en train de nous amuser avec les enfants.<\/p>\n                        <\/div>\n                      <\/div>\n                    <\/div>\n                  <\/div>\n                <\/div>\n              <\/div>\n            <\/div>\n          <\/div>\n        <\/div>\n      <\/div>\n    <\/div>\n  <\/div>\n<\/div>","protected":false},"excerpt":{"rendered":"<p>L&rsquo;anniversaire de votre enfant approche ? Pr\u00e9voyez un Anniversaire inoubliable \u00e0 votre enfant et ses ami(e)s. De 6 \u00e0 17 ans, l\u2019Anniversaire Parkour restera \u00e0 jamais grav\u00e9 dans leurs m\u00e9moires. Encadr\u00e9s par des Animateurs professionnels, les enfants d\u00e9couvrent l\u2019univers du parkour \u00e0 travers : Des \u00e9chauffements amusants Des parcours \u00e9volutifs en fonction de leurs \u00e2ges [&hellip;]<\/p>\n","protected":false},"author":1,"featured_media":0,"parent":0,"menu_order":0,"comment_status":"closed","ping_status":"closed","template":"page-templates\/full-width-page.php","meta":{"footnotes":""},"class_list":["post-1331","page","type-page","status-publish","hentry"],"_links":{"self":[{"href":"https:\/\/parkourmarseille.fr\/index.php\/wp-json\/wp\/v2\/pages\/1331","targetHints":{"allow":["GET"]}}],"collection":[{"href":"https:\/\/parkourmarseille.fr\/index.php\/wp-json\/wp\/v2\/pages"}],"about":[{"href":"https:\/\/parkourmarseille.fr\/index.php\/wp-json\/wp\/v2\/types\/page"}],"author":[{"embeddable":true,"href":"https:\/\/parkourmarseille.fr\/index.php\/wp-json\/wp\/v2\/users\/1"}],"replies":[{"embeddable":true,"href":"https:\/\/parkourmarseille.fr\/index.php\/wp-json\/wp\/v2\/comments?post=1331"}],"version-history":[{"count":13,"href":"https:\/\/parkourmarseille.fr\/index.php\/wp-json\/wp\/v2\/pages\/1331\/revisions"}],"predecessor-version":[{"id":2195,"href":"https:\/\/parkourmarseille.fr\/index.php\/wp-json\/wp\/v2\/pages\/1331\/revisions\/2195"}],"wp:attachment":[{"href":"https:\/\/parkourmarseille.fr\/index.php\/wp-json\/wp\/v2\/media?parent=1331"}],"curies":[{"name":"wp","href":"https:\/\/api.w.org\/{rel}","templated":true}]}}